{"id":824,"date":"2022-02-15T20:06:50","date_gmt":"2022-02-15T20:06:50","guid":{"rendered":"https:\/\/demo.divi-pixel.com\/construction\/?page_id=824"},"modified":"2023-12-14T14:56:03","modified_gmt":"2023-12-14T14:56:03","slug":"kontakt","status":"publish","type":"page","link":"https:\/\/kremser-online.eu\/en\/kontakt","title":{"rendered":"Contact"},"content":{"rendered":"<p>[et_pb_section fb_built=&#8220;1&#8243; custom_padding_last_edited=&#8220;on|phone&#8220; _builder_version=&#8220;4.22.0&#8243; _module_preset=&#8220;default&#8220; background_image=&#8220;https:\/\/kremser-online.eu\/wp-content\/uploads\/2023\/08\/kremsergravur.jpg&#8220; custom_padding=&#8220;140px||140px||true|&#8220; custom_padding_tablet=&#8220;140px||140px||true|&#8220; custom_padding_phone=&#8220;70px||70px||true|false&#8220; locked=&#8220;off&#8220; global_colors_info=&#8220;{}&#8220;][et_pb_row _builder_version=&#8220;4.16&#8243; _module_preset=&#8220;default&#8220; global_colors_info=&#8220;{}&#8220;][et_pb_column type=&#8220;4_4&#8243; _builder_version=&#8220;4.16&#8243; _module_preset=&#8220;default&#8220; global_colors_info=&#8220;{}&#8220;][et_pb_text _builder_version=&#8220;4.22.0&#8243; _module_preset=&#8220;default&#8220; text_font=&#8220;Poppins|||on|||||&#8220; text_text_color=&#8220;#FFFFFF&#8220; text_letter_spacing=&#8220;3px&#8220; text_orientation=&#8220;center&#8220; custom_margin=&#8220;||0px||false|false&#8220; locked=&#8220;off&#8220; global_colors_info=&#8220;{}&#8220;]<\/p>\n<p>Kontaktieren Sie uns<\/p>\n<p>[\/et_pb_text][et_pb_text _builder_version=&#8220;4.22.0&#8243; _module_preset=&#8220;default&#8220; header_font=&#8220;Poppins|700|||||||&#8220; header_text_align=&#8220;center&#8220; header_text_color=&#8220;#FFFFFF&#8220; header_font_size=&#8220;60px&#8220; header_line_height=&#8220;1.4em&#8220; max_width=&#8220;1000px&#8220; max_width_tablet=&#8220;100%&#8220; max_width_phone=&#8220;100%&#8220; max_width_last_edited=&#8220;on|phone&#8220; module_alignment=&#8220;center&#8220; custom_margin=&#8220;||||false|false&#8220; header_font_size_tablet=&#8220;50px&#8220; header_font_size_phone=&#8220;40px&#8220; header_font_size_last_edited=&#8220;on|tablet&#8220; locked=&#8220;off&#8220; global_colors_info=&#8220;{}&#8220;]<\/p>\n<h1>Kontakt<\/h1>\n<p>[\/et_pb_text][\/et_pb_column][\/et_pb_row][\/et_pb_section][et_pb_section fb_built=&#8220;1&#8243; _builder_version=&#8220;4.16&#8243; _module_preset=&#8220;default&#8220; global_colors_info=&#8220;{}&#8220;][et_pb_row _builder_version=&#8220;4.22.0&#8243; _module_preset=&#8220;default&#8220; global_colors_info=&#8220;{}&#8220;][et_pb_column type=&#8220;4_4&#8243; _builder_version=&#8220;4.22.0&#8243; _module_preset=&#8220;default&#8220; global_colors_info=&#8220;{}&#8220;][dipi_dual_heading first_heading=&#8220;Kontaktieren Sie uns&#8220; use_background_text=&#8220;on&#8220; background_text=&#8220;KONTAKT&#8220; fh_padding=&#8220;0px|10px|0px|10px|false|true&#8220; bt_position_vertical=&#8220;25%&#8220; bt_style=&#8220;stroke&#8220; bt_stroke_color=&#8220;#e9ecef&#8220; bt_stroke_fill=&#8220;RGBA(255,255,255,0)&#8220; background_text_color_gradient_direction=&#8220;90deg&#8220; background_text_color_gradient_stops=&#8220;#00235a 0%|#7d8aa1 100%&#8220; background_text_color_gradient_start=&#8220;#00235a&#8220; background_text_color_gradient_end=&#8220;#7d8aa1&#8243; bt_padding=&#8220;0px|0px|0px||false|false&#8220; bt_margin=&#8220;|0px|0px|10px|false|false&#8220; _builder_version=&#8220;4.22.0&#8243; _module_preset=&#8220;default&#8220; first_heading_text_color=&#8220;#d60000&#8243; first_heading_font_size=&#8220;14px&#8220; first_heading_letter_spacing=&#8220;3px&#8220; background_text_font=&#8220;|||on|||||&#8220; background_text_text_align=&#8220;left&#8220; background_text_font_size=&#8220;80px&#8220; text_orientation=&#8220;left&#8220; custom_margin=&#8220;||||false|false&#8220; background_text_font_size_tablet=&#8220;80px&#8220; background_text_font_size_phone=&#8220;50px&#8220; background_text_font_size_last_edited=&#8220;on|phone&#8220; custom_css_main_element=&#8220;margin-bottom: 25px !important;&#8220; border_color_left=&#8220;#FE5E15&#8243; border_width_left_bt_border=&#8220;5px&#8220; locked=&#8220;off&#8220; global_colors_info=&#8220;{}&#8220; background_text_text_color__hover_enabled=&#8220;off|desktop&#8220; custom_css_main_element_last_edited=&#8220;on|tablet&#8220; custom_css_main_element_tablet=&#8220;.&#8220; custom_css_main_element_phone=&#8220;.&#8220; overlay_bg_color_gradient_type_tablet=&#8220;linear&#8220; overlay_bg_color_gradient_type_phone=&#8220;linear&#8220; overlay_bg_color_gradient_type__hover=&#8220;linear&#8220; image_bg_color_gradient_type__hover=&#8220;linear&#8220;][\/dipi_dual_heading][et_pb_text _builder_version=&#8220;4.16&#8243; _module_preset=&#8220;default&#8220; header_2_font=&#8220;|700|||||||&#8220; header_2_font_size=&#8220;35px&#8220; header_2_line_height=&#8220;1.5em&#8220; custom_margin=&#8220;||10px||false|false&#8220; header_2_font_size_tablet=&#8220;35px&#8220; header_2_font_size_phone=&#8220;30px&#8220; header_2_font_size_last_edited=&#8220;on|phone&#8220; locked=&#8220;off&#8220; global_colors_info=&#8220;{}&#8220;]<\/p>\n<h2>Ma\u00dfgeschneiderte Pr\u00e4gewerkzeuge und Pr\u00e4zisionsgravuren<\/h2>\n<p>[\/et_pb_text][\/et_pb_column][\/et_pb_row][et_pb_row make_equal=&#8220;on&#8220; _builder_version=&#8220;4.22.0&#8243; _module_preset=&#8220;default&#8220; custom_margin=&#8220;-31px|auto||auto||&#8220; global_colors_info=&#8220;{}&#8220;][et_pb_column type=&#8220;4_4&#8243; _builder_version=&#8220;4.16&#8243; _module_preset=&#8220;default&#8220; custom_padding=&#8220;50px|50px|50px|50px|true|true&#8220; custom_padding_tablet=&#8220;50px|50px|50px|50px|true|true&#8220; custom_padding_phone=&#8220;30px|20px|30px|20px|true|true&#8220; custom_padding_last_edited=&#8220;on|phone&#8220; custom_css_main_element=&#8220;margin: auto;&#8220; box_shadow_style=&#8220;preset1&#8243; box_shadow_color=&#8220;rgba(100,130,208,0.17)&#8220; global_colors_info=&#8220;{}&#8220;][et_pb_blurb title=&#8220;Rufen Sie uns an&#8220; use_icon=&#8220;on&#8220; font_icon=&#8220;&#xf879;||fa||900&#8243; icon_color=&#8220;#d60000&#8243; icon_placement=&#8220;left&#8220; image_icon_width=&#8220;25px&#8220; content_max_width=&#8220;1100px&#8220; _builder_version=&#8220;4.22.0&#8243; _module_preset=&#8220;default&#8220; header_font=&#8220;|600|||||||&#8220; header_font_size=&#8220;15px&#8220; body_text_color=&#8220;#7D8AA1&#8243; body_line_height=&#8220;1em&#8220; body_link_text_color=&#8220;#7D8AA1&#8243; custom_margin=&#8220;||26px||false|false&#8220; body_line_height_tablet=&#8220;1em&#8220; body_line_height_phone=&#8220;1.5em&#8220; body_line_height_last_edited=&#8220;on|phone&#8220; global_colors_info=&#8220;{}&#8220; body_link_text_color__hover_enabled=&#8220;on|hover&#8220; body_link_text_color__hover=&#8220;#FE5E15&#8243;]<\/p>\n<p><span>+49 (0) 911 &#8211; 67 33 44\u00a0<\/span><\/p>\n<p>[\/et_pb_blurb][et_pb_blurb title=&#8220;Schreiben Sie uns&#8220; use_icon=&#8220;on&#8220; font_icon=&#8220;&#xf0e0;||fa||900&#8243; icon_color=&#8220;#d60000&#8243; icon_placement=&#8220;left&#8220; image_icon_width=&#8220;25px&#8220; content_max_width=&#8220;1100px&#8220; _builder_version=&#8220;4.22.0&#8243; _module_preset=&#8220;default&#8220; header_font=&#8220;|600|||||||&#8220; header_font_size=&#8220;15px&#8220; body_text_color=&#8220;#7D8AA1&#8243; body_line_height=&#8220;1em&#8220; body_link_text_color=&#8220;#7D8AA1&#8243; body_line_height_tablet=&#8220;1em&#8220; body_line_height_phone=&#8220;1.6em&#8220; body_line_height_last_edited=&#8220;on|phone&#8220; global_colors_info=&#8220;{}&#8220; body_link_text_color__hover_enabled=&#8220;on|hover&#8220; body_link_text_color__hover=&#8220;#FE5E15&#8243;]<\/p>\n<p><a href=\"mailto:info@kremser.de\" class=\"email\">info@kremser.de<\/a><\/p>\n<p>[\/et_pb_blurb][et_pb_blurb title=&#8220;Unsere Adresse&#8220; use_icon=&#8220;on&#8220; font_icon=&#8220;&#xf3c5;||fa||900&#8243; icon_color=&#8220;#d60000&#8243; icon_placement=&#8220;left&#8220; image_icon_width=&#8220;25px&#8220; content_max_width=&#8220;1100px&#8220; _builder_version=&#8220;4.22.0&#8243; _module_preset=&#8220;default&#8220; header_font=&#8220;|600|||||||&#8220; header_font_size=&#8220;15px&#8220; body_text_color=&#8220;#7D8AA1&#8243; body_line_height=&#8220;1em&#8220; custom_margin=&#8220;||50px||false|false&#8220; hover_enabled=&#8220;0&#8243; body_line_height_tablet=&#8220;1em&#8220; body_line_height_phone=&#8220;1.7em&#8220; body_line_height_last_edited=&#8220;on|phone&#8220; global_colors_info=&#8220;{}&#8220; sticky_enabled=&#8220;0&#8243;]<\/p>\n<p><span>Kremser GmbH\u00a0<\/span><br \/><span>Gewerbering 2<\/span><br \/><span>90547 Stein<br \/>Deutschland<\/span><span><\/span><\/p>\n<p>[\/et_pb_blurb][et_pb_contact_form email=&#8220;info@kremser.de&#8220; custom_message=&#8220;Homepage &#8211; Kontaktformular &#8211; neue Nachricht erhalten||et_pb_line_break_holder||||et_pb_line_break_holder||Vorname: %%Vorname%%||et_pb_line_break_holder||||et_pb_line_break_holder||Nachname: %%Nachname%%||et_pb_line_break_holder||||et_pb_line_break_holder||E-Mail-Adresse: %%Email%%||et_pb_line_break_holder||||et_pb_line_break_holder||Telefonnummer: %%phone_no%%||et_pb_line_break_holder||||et_pb_line_break_holder||Nachricht: %%message%%||et_pb_line_break_holder||||et_pb_line_break_holder||Datenschutzerkl\u00e4rung: akzeptiert&#8220; success_message=&#8220;Vielen Dank f\u00fcr Ihre Nachricht. Wir werden uns schnellstm\u00f6glich mit Ihnen in Verbindung setzen.&#8220; submit_button_text=&#8220;NACHRICHT SENDEN&#8220; _builder_version=&#8220;4.22.0&#8243; _module_preset=&#8220;default&#8220; _unique_id=&#8220;01b0c780-2ecd-4029-8d27-6bacd2a6a0e0&#8243; form_field_background_color=&#8220;#FFFFFF&#8220; form_field_text_color=&#8220;#333333&#8243; form_field_focus_background_color=&#8220;#FFFFFF&#8220; form_field_focus_text_color=&#8220;#333333&#8243; custom_button=&#8220;on&#8220; button_text_size=&#8220;15px&#8220; button_text_color=&#8220;#FFFFFF&#8220; button_bg_color=&#8220;#d60000&#8243; button_border_width=&#8220;0px&#8220; button_border_radius=&#8220;0px&#8220; button_letter_spacing=&#8220;3px&#8220; button_font=&#8220;Poppins|||on|||||&#8220; button_icon=&#8220;&#x24;||divi||400&#8243; button_custom_margin=&#8220;5px||||false|false&#8220; button_custom_padding=&#8220;15px||15px||true|false&#8220; global_colors_info=&#8220;{}&#8220; button_bg_color__hover_enabled=&#8220;on|hover&#8220; button_bg_color__hover=&#8220;#00235A&#8220; button_bg_enable_color__hover=&#8220;on&#8220;][et_pb_contact_field field_id=&#8220;Vorname&#8220; field_title=&#8220;Vorname&#8220; _builder_version=&#8220;4.22.0&#8243; border_width_all=&#8220;1px&#8220; border_color_all=&#8220;#e7eaf0&#8243; global_colors_info=&#8220;{}&#8220; button_text_size__hover_enabled=&#8220;off&#8220; button_one_text_size__hover_enabled=&#8220;off&#8220; button_two_text_size__hover_enabled=&#8220;off&#8220; button_text_color__hover_enabled=&#8220;off&#8220; button_one_text_color__hover_enabled=&#8220;off&#8220; button_two_text_color__hover_enabled=&#8220;off&#8220; button_border_width__hover_enabled=&#8220;off&#8220; button_one_border_width__hover_enabled=&#8220;off&#8220; button_two_border_width__hover_enabled=&#8220;off&#8220; button_border_color__hover_enabled=&#8220;off&#8220; button_one_border_color__hover_enabled=&#8220;off&#8220; button_two_border_color__hover_enabled=&#8220;off&#8220; button_border_radius__hover_enabled=&#8220;off&#8220; button_one_border_radius__hover_enabled=&#8220;off&#8220; button_two_border_radius__hover_enabled=&#8220;off&#8220; button_letter_spacing__hover_enabled=&#8220;off&#8220; button_one_letter_spacing__hover_enabled=&#8220;off&#8220; button_two_letter_spacing__hover_enabled=&#8220;off&#8220; button_bg_color__hover_enabled=&#8220;off&#8220; button_one_bg_color__hover_enabled=&#8220;off&#8220; button_two_bg_color__hover_enabled=&#8220;off&#8220;][\/et_pb_contact_field][et_pb_contact_field field_id=&#8220;Nachname&#8220; field_title=&#8220;Nachname&#8220; _builder_version=&#8220;4.22.0&#8243; border_width_all=&#8220;1px&#8220; border_color_all=&#8220;#e7eaf0&#8243; global_colors_info=&#8220;{}&#8220; button_text_size__hover_enabled=&#8220;off&#8220; button_one_text_size__hover_enabled=&#8220;off&#8220; button_two_text_size__hover_enabled=&#8220;off&#8220; button_text_color__hover_enabled=&#8220;off&#8220; button_one_text_color__hover_enabled=&#8220;off&#8220; button_two_text_color__hover_enabled=&#8220;off&#8220; button_border_width__hover_enabled=&#8220;off&#8220; button_one_border_width__hover_enabled=&#8220;off&#8220; button_two_border_width__hover_enabled=&#8220;off&#8220; button_border_color__hover_enabled=&#8220;off&#8220; button_one_border_color__hover_enabled=&#8220;off&#8220; button_two_border_color__hover_enabled=&#8220;off&#8220; button_border_radius__hover_enabled=&#8220;off&#8220; button_one_border_radius__hover_enabled=&#8220;off&#8220; button_two_border_radius__hover_enabled=&#8220;off&#8220; button_letter_spacing__hover_enabled=&#8220;off&#8220; button_one_letter_spacing__hover_enabled=&#8220;off&#8220; button_two_letter_spacing__hover_enabled=&#8220;off&#8220; button_bg_color__hover_enabled=&#8220;off&#8220; button_one_bg_color__hover_enabled=&#8220;off&#8220; button_two_bg_color__hover_enabled=&#8220;off&#8220;][\/et_pb_contact_field][et_pb_contact_field field_id=&#8220;Email&#8220; field_title=&#8220;E-Mail-Adresse&#8220; field_type=&#8220;email&#8220; fullwidth_field=&#8220;on&#8220; _builder_version=&#8220;4.22.0&#8243; border_width_all=&#8220;1px&#8220; border_color_all=&#8220;#e7eaf0&#8243; global_colors_info=&#8220;{}&#8220; button_text_size__hover_enabled=&#8220;off&#8220; button_one_text_size__hover_enabled=&#8220;off&#8220; button_two_text_size__hover_enabled=&#8220;off&#8220; button_text_color__hover_enabled=&#8220;off&#8220; button_one_text_color__hover_enabled=&#8220;off&#8220; button_two_text_color__hover_enabled=&#8220;off&#8220; button_border_width__hover_enabled=&#8220;off&#8220; button_one_border_width__hover_enabled=&#8220;off&#8220; button_two_border_width__hover_enabled=&#8220;off&#8220; button_border_color__hover_enabled=&#8220;off&#8220; button_one_border_color__hover_enabled=&#8220;off&#8220; button_two_border_color__hover_enabled=&#8220;off&#8220; button_border_radius__hover_enabled=&#8220;off&#8220; button_one_border_radius__hover_enabled=&#8220;off&#8220; button_two_border_radius__hover_enabled=&#8220;off&#8220; button_letter_spacing__hover_enabled=&#8220;off&#8220; button_one_letter_spacing__hover_enabled=&#8220;off&#8220; button_two_letter_spacing__hover_enabled=&#8220;off&#8220; button_bg_color__hover_enabled=&#8220;off&#8220; button_one_bg_color__hover_enabled=&#8220;off&#8220; button_two_bg_color__hover_enabled=&#8220;off&#8220;][\/et_pb_contact_field][et_pb_contact_field field_id=&#8220;phone_no&#8220; field_title=&#8220;Telefonnummer&#8220; min_length=&#8220;10&#8243; max_length=&#8220;11&#8243; allowed_symbols=&#8220;numbers&#8220; fullwidth_field=&#8220;on&#8220; _builder_version=&#8220;4.22.0&#8243; _module_preset=&#8220;default&#8220; border_width_all=&#8220;1px&#8220; border_color_all=&#8220;#e7eaf0&#8243; global_colors_info=&#8220;{}&#8220;][\/et_pb_contact_field][et_pb_contact_field field_id=&#8220;message&#8220; field_title=&#8220;Nachricht&#8220; field_type=&#8220;text&#8220; required_mark=&#8220;off&#8220; fullwidth_field=&#8220;on&#8220; _builder_version=&#8220;4.22.0&#8243; border_width_all=&#8220;1px&#8220; border_color_all=&#8220;#e7eaf0&#8243; global_colors_info=&#8220;{}&#8220; button_text_size__hover_enabled=&#8220;off&#8220; button_one_text_size__hover_enabled=&#8220;off&#8220; button_two_text_size__hover_enabled=&#8220;off&#8220; button_text_color__hover_enabled=&#8220;off&#8220; button_one_text_color__hover_enabled=&#8220;off&#8220; button_two_text_color__hover_enabled=&#8220;off&#8220; button_border_width__hover_enabled=&#8220;off&#8220; button_one_border_width__hover_enabled=&#8220;off&#8220; button_two_border_width__hover_enabled=&#8220;off&#8220; button_border_color__hover_enabled=&#8220;off&#8220; button_one_border_color__hover_enabled=&#8220;off&#8220; button_two_border_color__hover_enabled=&#8220;off&#8220; button_border_radius__hover_enabled=&#8220;off&#8220; button_one_border_radius__hover_enabled=&#8220;off&#8220; button_two_border_radius__hover_enabled=&#8220;off&#8220; button_letter_spacing__hover_enabled=&#8220;off&#8220; button_one_letter_spacing__hover_enabled=&#8220;off&#8220; button_two_letter_spacing__hover_enabled=&#8220;off&#8220; button_bg_color__hover_enabled=&#8220;off&#8220; button_one_bg_color__hover_enabled=&#8220;off&#8220; button_two_bg_color__hover_enabled=&#8220;off&#8220;][\/et_pb_contact_field][et_pb_contact_field field_id=&#8220;Datenschutz&#8220; field_title=&#8220;Datenschutz&#8220; field_type=&#8220;checkbox&#8220; checkbox_options=&#8220;%91{%22value%22:%22Ich habe die Datenschutzerkl\u00e4rung zur Kenntnis genommen und bin mit der Verarbeitung und Speicherung meiner personenbezogenen Daten einverstanden. %22,%22checked%22:0,%22dragID%22:-1,%22link_text%22:%22Zur Datenschutzerkl\u00e4rung%22,%22link_url%22:%22https:\/\/kremser-online.eu\/datenschutzerklaerung%22}%93&#8243; fullwidth_field=&#8220;on&#8220; _builder_version=&#8220;4.22.0&#8243; _module_preset=&#8220;default&#8220; form_field_background_color=&#8220;#F5F5F5&#8243; form_field_focus_background_color=&#8220;#F5F5F5&#8243; global_colors_info=&#8220;{}&#8220;][\/et_pb_contact_field][\/et_pb_contact_form][\/et_pb_column][\/et_pb_row][et_pb_row _builder_version=&#8220;4.22.0&#8243; _module_preset=&#8220;default&#8220; global_colors_info=&#8220;{}&#8220;][et_pb_column type=&#8220;4_4&#8243; _builder_version=&#8220;4.22.0&#8243; _module_preset=&#8220;default&#8220; global_colors_info=&#8220;{}&#8220;][et_pb_text _builder_version=&#8220;4.22.0&#8243; _module_preset=&#8220;default&#8220; custom_padding=&#8220;||0px|||&#8220; global_colors_info=&#8220;{}&#8220;]<\/p>\n<h4><strong>Datentransfer<\/strong><\/h4>\n<p><strong><\/strong><\/p>\n<p>Wir k\u00f6nnen vielf\u00e4ltige Daten verarbeiten. Darunter fallen beispielsweise folgende Dateiformate:<\/p>\n<ul>\n<li>Adobe Illustrator .ai oder .eps<\/li>\n<li>Adobe .pdf<\/li>\n<li>Corel Draw .cdr<\/li>\n<li>3D Daten zum Beispiel als .stp oder .igs<\/li>\n<\/ul>\n<p>Bitte beachten Sie beim zur Verf\u00fcgung stellen der Daten, dass enthaltene Schriften in Pfade umgewandelt werden. Auch Logos und Sonderzeichen sollten als Vektorgrafik vorliegen.<\/p>\n<p>Sind dennoch Schriften enhalten, sollten diese bitte mitgeschickt werden.<\/p>\n<p>Zur Weiterverarbeitung k\u00f6nnen sie uns auch Pixelgrafiken zur Verf\u00fcgung stellen. Diese werden dann nach M\u00f6glichkeit von uns in Vektorgrafiken umgewandelt. Das Umwandeln von Pixelgrafiken in Vektorgrafiken kann sehr aufw\u00e4ndig sein, und ist daher Aufpreispflichtig. Bitte vergewissern Sie sich, dass diese Bilder m\u00f6glichst sehr gro\u00df erstellt und versendet werden.<\/p>\n<p>[\/et_pb_text][\/et_pb_column][\/et_pb_row][\/et_pb_section]<\/p>\n","protected":false},"excerpt":{"rendered":"<p>Kontaktieren Sie unsKontakt<div class=\"et_pb_with_border et_pb_module dipi_dual_heading dipi_dual_heading_0\">\n\t\t\t\t\n\t\t\t\t\n\t\t\t\t\n\t\t\t\t\n\t\t\t\t\n\t\t\t\t\n\t\t\t\t<div class=\"et_pb_module_inner\">\n\t\t\t\t\t\n                <div class=\"dipi-dual-heading \">\n                    <h2 class=\"dipi-dh-main\">\n                        <span class=\"dipi-dh-first-heading\">\n                            <span class=\"dipi-dh-animation-container\">\n                                <span class=\"dipi-dh-bg-container\">\n                                    Kontaktieren Sie uns\n                                <\/span>\n                            <\/span>\n                        <\/span>\n                        <span class=\"dipi-dh-second-heading\">\n                            <span class=\"dipi-dh-animation-container\">\n                                <span class=\"dipi-dh-bg-container\">\n                                    \n                                <\/span>\n                            <\/span>\n                        <\/span>\n                    <\/h2>\n                <\/div>\n\t\t\t\t<\/div>\n\t\t\t<\/div>Ma\u00dfgeschneiderte Pr\u00e4gewerkzeuge und Pr\u00e4zisionsgravuren+49 (0) 911 &#8211; [&hellip;]<\/p>\n","protected":false},"author":1,"featured_media":0,"parent":0,"menu_order":0,"comment_status":"closed","ping_status":"closed","template":"","meta":{"_et_pb_use_builder":"on","_et_pb_old_content":"","_et_gb_content_width":"","footnotes":""},"dipi_cpt_category":[],"class_list":["post-824","page","type-page","status-publish","hentry"],"_links":{"self":[{"href":"https:\/\/kremser-online.eu\/en\/wp-json\/wp\/v2\/pages\/824","targetHints":{"allow":["GET"]}}],"collection":[{"href":"https:\/\/kremser-online.eu\/en\/wp-json\/wp\/v2\/pages"}],"about":[{"href":"https:\/\/kremser-online.eu\/en\/wp-json\/wp\/v2\/types\/page"}],"author":[{"embeddable":true,"href":"https:\/\/kremser-online.eu\/en\/wp-json\/wp\/v2\/users\/1"}],"replies":[{"embeddable":true,"href":"https:\/\/kremser-online.eu\/en\/wp-json\/wp\/v2\/comments?post=824"}],"version-history":[{"count":27,"href":"https:\/\/kremser-online.eu\/en\/wp-json\/wp\/v2\/pages\/824\/revisions"}],"predecessor-version":[{"id":3251,"href":"https:\/\/kremser-online.eu\/en\/wp-json\/wp\/v2\/pages\/824\/revisions\/3251"}],"wp:attachment":[{"href":"https:\/\/kremser-online.eu\/en\/wp-json\/wp\/v2\/media?parent=824"}],"wp:term":[{"taxonomy":"dipi_cpt_category","embeddable":true,"href":"https:\/\/kremser-online.eu\/en\/wp-json\/wp\/v2\/dipi_cpt_category?post=824"}],"curies":[{"name":"wp","href":"https:\/\/api.w.org\/{rel}","templated":true}]}}