{"id":1013,"date":"2022-02-17T16:17:46","date_gmt":"2022-02-17T16:17:46","guid":{"rendered":"https:\/\/demo.divi-pixel.com\/construction\/?page_id=1013"},"modified":"2024-01-17T12:38:00","modified_gmt":"2024-01-17T12:38:00","slug":"messing-praegestempel","status":"publish","type":"page","link":"https:\/\/kremser-online.eu\/en\/leistungen\/messing-praegestempel","title":{"rendered":"Brass stamping tools"},"content":{"rendered":"<p>[et_pb_section fb_built=&#8220;1&#8243; custom_padding_last_edited=&#8220;on|tablet&#8220; _builder_version=&#8220;4.22.0&#8243; _module_preset=&#8220;default&#8220; background_image=&#8220;https:\/\/kremser-online.eu\/wp-content\/uploads\/2023\/08\/kremsergravur.jpg&#8220; custom_padding=&#8220;140px||140px||true|&#8220; custom_padding_tablet=&#8220;180px||180px||true|false&#8220; custom_padding_phone=&#8220;70px||70px||true|false&#8220; locked=&#8220;off&#8220; global_colors_info=&#8220;{}&#8220;][et_pb_row _builder_version=&#8220;4.16&#8243; _module_preset=&#8220;default&#8220; global_colors_info=&#8220;{}&#8220;][et_pb_column type=&#8220;4_4&#8243; _builder_version=&#8220;4.16&#8243; _module_preset=&#8220;default&#8220; global_colors_info=&#8220;{}&#8220;][et_pb_text _builder_version=&#8220;4.22.0&#8243; _module_preset=&#8220;default&#8220; text_font=&#8220;Poppins|||on|||||&#8220; text_text_color=&#8220;#d60000&#8243; text_letter_spacing=&#8220;3px&#8220; text_orientation=&#8220;center&#8220; custom_margin=&#8220;||0px||false|false&#8220; locked=&#8220;off&#8220; global_colors_info=&#8220;{}&#8220;]<\/p>\n<p>Leistungen<\/p>\n<p>[\/et_pb_text][et_pb_text _builder_version=&#8220;4.16&#8243; _dynamic_attributes=&#8220;content&#8220; _module_preset=&#8220;default&#8220; header_font=&#8220;Poppins|700|||||||&#8220; header_text_align=&#8220;center&#8220; header_text_color=&#8220;#FFFFFF&#8220; header_font_size=&#8220;60px&#8220; header_line_height=&#8220;1.4em&#8220; max_width=&#8220;100%&#8220; max_width_tablet=&#8220;100%&#8220; max_width_phone=&#8220;100%&#8220; max_width_last_edited=&#8220;on|tablet&#8220; module_alignment=&#8220;center&#8220; custom_margin=&#8220;||||false|false&#8220; header_font_size_tablet=&#8220;50px&#8220; header_font_size_phone=&#8220;35px&#8220; header_font_size_last_edited=&#8220;on|tablet&#8220; locked=&#8220;off&#8220; global_colors_info=&#8220;{}&#8220; max_width__hover_enabled=&#8220;off|desktop&#8220;]@ET-DC@eyJkeW5hbWljIjp0cnVlLCJjb250ZW50IjoicG9zdF90aXRsZSIsInNldHRpbmdzIjp7ImJlZm9yZSI6IjxoMT4iLCJhZnRlciI6IjwvaDE+In19@[\/et_pb_text][\/et_pb_column][\/et_pb_row][\/et_pb_section][et_pb_section fb_built=&#8220;1&#8243; _builder_version=&#8220;4.16&#8243; _module_preset=&#8220;default&#8220; global_colors_info=&#8220;{}&#8220;][et_pb_row column_structure=&#8220;1_3,2_3&#8243; _builder_version=&#8220;4.16&#8243; _module_preset=&#8220;default&#8220; global_colors_info=&#8220;{}&#8220;][et_pb_column type=&#8220;1_3&#8243; _builder_version=&#8220;4.16&#8243; _module_preset=&#8220;default&#8220; global_colors_info=&#8220;{}&#8220;][dipi_button_grid flex_wrap=&#8220;off&#8220; flex_direction_tablet=&#8220;column&#8220; flex_direction_last_edited=&#8220;off|tablet&#8220; flex_wrap_tablet=&#8220;off&#8220; flex_wrap_last_edited=&#8220;off|tablet&#8220; _builder_version=&#8220;4.22.0&#8243; _module_preset=&#8220;default&#8220; custom_padding=&#8220;0px||||false|false&#8220; locked=&#8220;off&#8220; global_colors_info=&#8220;{}&#8220;][dipi_button_grid_child button_id=&#8220;Messing-Pr\u00e4gestempel&#8220; button_text=&#8220;Messing-Pr\u00e4gestempel&#8220; button_link=&#8220;@ET-DC@eyJkeW5hbWljIjp0cnVlLCJjb250ZW50IjoicG9zdF9saW5rX3VybF9wYWdlIiwic2V0dGluZ3MiOnsicG9zdF9pZCI6IjEwMTMifX0=@&#8220; _builder_version=&#8220;4.22.0&#8243; _dynamic_attributes=&#8220;button_link&#8220; _module_preset=&#8220;default&#8220; custom_button=&#8220;on&#8220; button_text_size=&#8220;15px&#8220; button_text_color=&#8220;#FFFFFF&#8220; button_bg_color=&#8220;#d60000&#8243; button_border_width=&#8220;0px&#8220; button_border_radius=&#8220;0px&#8220; button_letter_spacing=&#8220;3px&#8220; button_font=&#8220;Poppins|600||on|||||&#8220; button_use_icon=&#8220;off&#8220; button_custom_padding=&#8220;15px||15px||true|true&#8220; custom_margin=&#8220;||0px||false|false&#8220; custom_css_main_element=&#8220;width: 100% !important;&#8220; custom_css_button_type=&#8220;width: 100% !important;||text-align: center;&#8220; global_colors_info=&#8220;{}&#8220; box_shadow_horizontal_button__hover_enabled=&#8220;on|hover&#8220; box_shadow_horizontal_button__hover=&#8220;&#8220; button_bg_color__hover_enabled=&#8220;on|hover&#8220; button_bg_color__hover=&#8220;#00235A&#8220; button_bg_enable_color__hover=&#8220;on&#8220; button_text_color__hover_enabled=&#8220;on|desktop&#8220; button_text_color__hover=&#8220;#FFFFFF&#8220; button_border_color__hover_enabled=&#8220;on|hover&#8220; button_border_color__hover=&#8220;RGBA(255,255,255,0)&#8220;][\/dipi_button_grid_child][dipi_button_grid_child button_id=&#8220;Silikon-Stempel&#8220; button_text=&#8220;Silikon-Pr\u00e4gestempel&#8220; button_link=&#8220;@ET-DC@eyJkeW5hbWljIjp0cnVlLCJjb250ZW50IjoicG9zdF9saW5rX3VybF9wYWdlIiwic2V0dGluZ3MiOnsicG9zdF9pZCI6IjEwMjYifX0=@&#8220; _builder_version=&#8220;4.22.0&#8243; _dynamic_attributes=&#8220;button_link&#8220; _module_preset=&#8220;default&#8220; custom_button=&#8220;on&#8220; button_text_size=&#8220;15px&#8220; button_text_color=&#8220;#7D8AA1&#8243; button_bg_color=&#8220;RGBA(255,255,255,0)&#8220; button_border_width=&#8220;1px&#8220; button_border_color=&#8220;#7D8AA1&#8243; button_border_radius=&#8220;0px&#8220; button_letter_spacing=&#8220;3px&#8220; button_font=&#8220;Poppins|600||on|||||&#8220; button_use_icon=&#8220;off&#8220; button_custom_padding=&#8220;15px||15px||true|true&#8220; custom_margin=&#8220;||0px||false|false&#8220; custom_css_main_element=&#8220;width: 100% !important;&#8220; custom_css_button_type=&#8220;width: 100% !important;||text-align: center;&#8220; global_colors_info=&#8220;{}&#8220; box_shadow_horizontal_button__hover_enabled=&#8220;on|hover&#8220; box_shadow_horizontal_button__hover=&#8220;&#8220; button_bg_color__hover_enabled=&#8220;on|desktop&#8220; button_bg_color__hover=&#8220;#00235A&#8220; button_bg_enable_color__hover=&#8220;on&#8220; button_text_color__hover_enabled=&#8220;on|desktop&#8220; button_text_color__hover=&#8220;#FFFFFF&#8220; button_border_color__hover_enabled=&#8220;on|hover&#8220; button_border_color__hover=&#8220;RGBA(255,255,255,0)&#8220;][\/dipi_button_grid_child][dipi_button_grid_child button_id=&#8220;Stahl Pr\u00e4gestempel&#8220; button_text=&#8220;Stahl-Pr\u00e4gestempel&#8220; button_link=&#8220;@ET-DC@eyJkeW5hbWljIjp0cnVlLCJjb250ZW50IjoicG9zdF9saW5rX3VybF9wYWdlIiwic2V0dGluZ3MiOnsicG9zdF9pZCI6IjEwMTgifX0=@&#8220; _builder_version=&#8220;4.22.0&#8243; _dynamic_attributes=&#8220;button_link&#8220; _module_preset=&#8220;default&#8220; custom_button=&#8220;on&#8220; button_text_size=&#8220;15px&#8220; button_text_color=&#8220;#7D8AA1&#8243; button_bg_color=&#8220;RGBA(255,255,255,0)&#8220; button_border_width=&#8220;1px&#8220; button_border_color=&#8220;#7D8AA1&#8243; button_border_radius=&#8220;0px&#8220; button_letter_spacing=&#8220;3px&#8220; button_font=&#8220;Poppins|600||on|||||&#8220; button_use_icon=&#8220;off&#8220; button_custom_padding=&#8220;15px||15px||true|true&#8220; custom_margin=&#8220;||0px||false|false&#8220; custom_css_main_element=&#8220;width: 100% !important;&#8220; custom_css_button_type=&#8220;width: 100% !important;||text-align: center;&#8220; global_colors_info=&#8220;{}&#8220; box_shadow_horizontal_button__hover_enabled=&#8220;on|hover&#8220; box_shadow_horizontal_button__hover=&#8220;&#8220; button_bg_color__hover_enabled=&#8220;on|desktop&#8220; button_bg_color__hover=&#8220;#00235A&#8220; button_bg_enable_color__hover=&#8220;on&#8220; button_text_color__hover_enabled=&#8220;on|desktop&#8220; button_text_color__hover=&#8220;#FFFFFF&#8220; button_border_color__hover_enabled=&#8220;on|hover&#8220; button_border_color__hover=&#8220;RGBA(255,255,255,0)&#8220;][\/dipi_button_grid_child][dipi_button_grid_child button_id=&#8220;Schrift-Elektroden&#8220; button_text=&#8220;Schrift-Elektroden&#8220; button_link=&#8220;@ET-DC@eyJkeW5hbWljIjp0cnVlLCJjb250ZW50IjoicG9zdF9saW5rX3VybF9wYWdlIiwic2V0dGluZ3MiOnsicG9zdF9pZCI6IjEwMjIifX0=@&#8220; _builder_version=&#8220;4.22.0&#8243; _dynamic_attributes=&#8220;button_link&#8220; _module_preset=&#8220;default&#8220; custom_button=&#8220;on&#8220; button_text_size=&#8220;15px&#8220; button_text_color=&#8220;#7D8AA1&#8243; button_bg_color=&#8220;RGBA(255,255,255,0)&#8220; button_border_width=&#8220;1px&#8220; button_border_color=&#8220;#7D8AA1&#8243; button_border_radius=&#8220;0px&#8220; button_letter_spacing=&#8220;3px&#8220; button_font=&#8220;Poppins|600||on|||||&#8220; button_use_icon=&#8220;off&#8220; button_custom_padding=&#8220;15px||15px||true|true&#8220; custom_margin=&#8220;||0px||false|false&#8220; custom_css_main_element=&#8220;width: 100% !important;&#8220; custom_css_button_type=&#8220;width: 100% !important;||text-align: center;&#8220; global_colors_info=&#8220;{}&#8220; box_shadow_horizontal_button__hover_enabled=&#8220;on|hover&#8220; box_shadow_horizontal_button__hover=&#8220;&#8220; button_bg_color__hover_enabled=&#8220;on|desktop&#8220; button_bg_color__hover=&#8220;#00235A&#8220; button_bg_enable_color__hover=&#8220;on&#8220; button_text_color__hover_enabled=&#8220;on|desktop&#8220; button_text_color__hover=&#8220;#FFFFFF&#8220; button_border_color__hover_enabled=&#8220;on|hover&#8220; button_border_color__hover=&#8220;RGBA(255,255,255,0)&#8220;][\/dipi_button_grid_child][dipi_button_grid_child button_id=&#8220;Gravuren &#038; Schilder&#8220; button_text=&#8220;Gravuren \/ Lasergravuren&#8220; button_link=&#8220;@ET-DC@eyJkeW5hbWljIjp0cnVlLCJjb250ZW50IjoicG9zdF9saW5rX3VybF9wYWdlIiwic2V0dGluZ3MiOnsicG9zdF9pZCI6IjEwMzAifX0=@&#8220; _builder_version=&#8220;4.22.0&#8243; _dynamic_attributes=&#8220;button_link&#8220; _module_preset=&#8220;default&#8220; custom_button=&#8220;on&#8220; button_text_size=&#8220;15px&#8220; button_text_color=&#8220;#7D8AA1&#8243; button_bg_color=&#8220;RGBA(255,255,255,0)&#8220; button_border_width=&#8220;1px&#8220; button_border_color=&#8220;#7D8AA1&#8243; button_border_radius=&#8220;0px&#8220; button_letter_spacing=&#8220;3px&#8220; button_font=&#8220;Poppins|600||on|||||&#8220; button_use_icon=&#8220;off&#8220; button_custom_padding=&#8220;15px||15px||true|true&#8220; custom_margin=&#8220;||0px||false|false&#8220; custom_css_main_element=&#8220;width: 100% !important;&#8220; custom_css_button_type=&#8220;width: 100% !important;||text-align: center;&#8220; global_colors_info=&#8220;{}&#8220; box_shadow_horizontal_button__hover_enabled=&#8220;on|hover&#8220; box_shadow_horizontal_button__hover=&#8220;&#8220; button_bg_color__hover_enabled=&#8220;on|desktop&#8220; button_bg_color__hover=&#8220;#00235A&#8220; button_bg_enable_color__hover=&#8220;on&#8220; button_text_color__hover_enabled=&#8220;on|desktop&#8220; button_text_color__hover=&#8220;#FFFFFF&#8220; button_border_color__hover_enabled=&#8220;on|hover&#8220; button_border_color__hover=&#8220;RGBA(255,255,255,0)&#8220;][\/dipi_button_grid_child][dipi_button_grid_child button_id=&#8220;Patrizen&#8220; button_text=&#8220;Patrizen&#8220; button_link=&#8220;@ET-DC@eyJkeW5hbWljIjp0cnVlLCJjb250ZW50IjoicG9zdF9saW5rX3VybF9wYWdlIiwic2V0dGluZ3MiOnsicG9zdF9pZCI6IjEwMzQifX0=@&#8220; _builder_version=&#8220;4.22.0&#8243; _dynamic_attributes=&#8220;button_link&#8220; _module_preset=&#8220;default&#8220; custom_button=&#8220;on&#8220; button_text_size=&#8220;15px&#8220; button_text_color=&#8220;#7D8AA1&#8243; button_bg_color=&#8220;RGBA(255,255,255,0)&#8220; button_border_width=&#8220;1px&#8220; button_border_color=&#8220;#7D8AA1&#8243; button_border_radius=&#8220;0px&#8220; button_letter_spacing=&#8220;3px&#8220; button_font=&#8220;Poppins|600||on|||||&#8220; button_use_icon=&#8220;off&#8220; button_custom_padding=&#8220;15px||15px||true|true&#8220; custom_margin=&#8220;||0px||false|false&#8220; custom_css_main_element=&#8220;width: 100% !important;&#8220; custom_css_button_type=&#8220;width: 100% !important;||text-align: center;&#8220; global_colors_info=&#8220;{}&#8220; box_shadow_horizontal_button__hover_enabled=&#8220;on|hover&#8220; box_shadow_horizontal_button__hover=&#8220;&#8220; button_bg_color__hover_enabled=&#8220;on|desktop&#8220; button_bg_color__hover=&#8220;#00235A&#8220; button_bg_enable_color__hover=&#8220;on&#8220; button_text_color__hover_enabled=&#8220;on|desktop&#8220; button_text_color__hover=&#8220;#FFFFFF&#8220; button_border_color__hover_enabled=&#8220;on|hover&#8220; button_border_color__hover=&#8220;RGBA(255,255,255,0)&#8220;][\/dipi_button_grid_child][dipi_button_grid_child button_id=&#8220;Pr\u00e4geteil-Werkst\u00fcckaufnahmen&#8220; button_text=&#8220;Pr\u00e4geteil-Werkst\u00fcckaufnahmen&#8220; button_link=&#8220;@ET-DC@eyJkeW5hbWljIjp0cnVlLCJjb250ZW50IjoicG9zdF9saW5rX3VybF9wYWdlIiwic2V0dGluZ3MiOnsicG9zdF9pZCI6IjEwMzgifX0=@&#8220; _builder_version=&#8220;4.22.0&#8243; _dynamic_attributes=&#8220;button_link&#8220; _module_preset=&#8220;default&#8220; custom_button=&#8220;on&#8220; button_text_size=&#8220;15px&#8220; button_text_color=&#8220;#7D8AA1&#8243; button_bg_color=&#8220;RGBA(255,255,255,0)&#8220; button_border_width=&#8220;1px&#8220; button_border_color=&#8220;#7D8AA1&#8243; button_border_radius=&#8220;0px&#8220; button_letter_spacing=&#8220;3px&#8220; button_font=&#8220;Poppins|600||on|||||&#8220; button_use_icon=&#8220;off&#8220; button_custom_padding=&#8220;15px||15px||true|true&#8220; custom_margin=&#8220;||0px||false|false&#8220; custom_css_main_element=&#8220;width: 100% !important;&#8220; custom_css_button_type=&#8220;width: 100% !important;||text-align: center;&#8220; global_colors_info=&#8220;{}&#8220; box_shadow_horizontal_button__hover_enabled=&#8220;on|hover&#8220; box_shadow_horizontal_button__hover=&#8220;&#8220; button_bg_color__hover_enabled=&#8220;on|desktop&#8220; button_bg_color__hover=&#8220;#00235A&#8220; button_bg_enable_color__hover=&#8220;on&#8220; button_text_color__hover_enabled=&#8220;on|desktop&#8220; button_text_color__hover=&#8220;#FFFFFF&#8220; button_border_color__hover_enabled=&#8220;on|hover&#8220; button_border_color__hover=&#8220;RGBA(255,255,255,0)&#8220;][\/dipi_button_grid_child][dipi_button_grid_child button_id=&#8220;Weinverschl\u00fcsse&#8220; button_text=&#8220;Pr\u00e4gestempel f\u00fcr Weinverschl\u00fcsse&#8220; button_link=&#8220;@ET-DC@eyJkeW5hbWljIjp0cnVlLCJjb250ZW50IjoicG9zdF9saW5rX3VybF9wYWdlIiwic2V0dGluZ3MiOnsicG9zdF9pZCI6IjI2MDgifX0=@&#8220; _builder_version=&#8220;4.22.0&#8243; _dynamic_attributes=&#8220;button_link&#8220; _module_preset=&#8220;default&#8220; custom_button=&#8220;on&#8220; button_text_size=&#8220;15px&#8220; button_text_color=&#8220;#7D8AA1&#8243; button_bg_color=&#8220;RGBA(255,255,255,0)&#8220; button_border_width=&#8220;1px&#8220; button_border_color=&#8220;#7D8AA1&#8243; button_border_radius=&#8220;0px&#8220; button_letter_spacing=&#8220;3px&#8220; button_font=&#8220;Poppins|600||on|||||&#8220; button_use_icon=&#8220;off&#8220; button_custom_padding=&#8220;15px||15px||true|true&#8220; custom_margin=&#8220;||0px||false|false&#8220; custom_css_main_element=&#8220;width: 100% !important;&#8220; custom_css_button_type=&#8220;width: 100% !important;||text-align: center;&#8220; global_colors_info=&#8220;{}&#8220; box_shadow_horizontal_button__hover_enabled=&#8220;on|hover&#8220; box_shadow_horizontal_button__hover=&#8220;&#8220; button_bg_color__hover_enabled=&#8220;on|desktop&#8220; button_bg_color__hover=&#8220;#00235A&#8220; button_bg_enable_color__hover=&#8220;on&#8220; button_text_color__hover_enabled=&#8220;on|desktop&#8220; button_text_color__hover=&#8220;#FFFFFF&#8220; button_border_color__hover_enabled=&#8220;on|hover&#8220; button_border_color__hover=&#8220;RGBA(255,255,255,0)&#8220;][\/dipi_button_grid_child][\/dipi_button_grid][\/et_pb_column][et_pb_column type=&#8220;2_3&#8243; _builder_version=&#8220;4.16&#8243; _module_preset=&#8220;default&#8220; global_colors_info=&#8220;{}&#8220;][et_pb_text _builder_version=&#8220;4.22.0&#8243; _module_preset=&#8220;default&#8220; global_colors_info=&#8220;{}&#8220;]<\/p>\n<p>Messing- Pr\u00e4gestempel eignen sich f\u00fcr ein breites Einsatzgebiet und viele unterschiedliche Materialien wie zum Beispiel Kunststoffteile, Papier und Pappe, lackierte Holzteile, Plexiglas, Leder und Kunstleder.<\/p>\n<p>[\/et_pb_text][dipi_masonry_gallery gallery_ids=&#8220;2814,2821,2818,2826,2816,2828,2819,2822,2823,2824,2815,2820&#8243; title_in_lightbox=&#8220;on&#8220; caption_in_lightbox=&#8220;on&#8220; _builder_version=&#8220;4.22.0&#8243; _module_preset=&#8220;default&#8220; hover_enabled=&#8220;0&#8243; global_colors_info=&#8220;{}&#8220; sticky_enabled=&#8220;0&#8243;][\/dipi_masonry_gallery][et_pb_text _builder_version=&#8220;4.22.0&#8243; _module_preset=&#8220;default&#8220; global_colors_info=&#8220;{}&#8220;]<\/p>\n<h3><strong>Pr\u00e4gewerkzeuge f\u00fcr Hei\u00dffolie<\/strong><\/h3>\n<p>[\/et_pb_text][et_pb_text _builder_version=&#8220;4.22.0&#8243; _module_preset=&#8220;default&#8220; global_colors_info=&#8220;{}&#8220;]<\/p>\n<p><span>Mittels Temperatur und Druck \u00fcbertr\u00e4gt der Messing- Pr\u00e4gestempel eine dekorative Folie auf das Pr\u00e4geteil. Durch strukturierte Oberfl\u00e4chen auf dem Pr\u00e4gestempel kann der Folie ein zus\u00e4tzlicher Effekt hinzugef\u00fcgt werden.<\/span><\/p>\n<p>[\/et_pb_text][dipi_masonry_gallery gallery_ids=&#8220;2824,2823,2817,2688,2361,2360,2826,2822&#8243; title_in_lightbox=&#8220;on&#8220; caption_in_lightbox=&#8220;on&#8220; use_overlay=&#8220;on&#8220; icon_in_overlay=&#8220;off&#8220; _builder_version=&#8220;4.22.0&#8243; _module_preset=&#8220;default&#8220; hover_enabled=&#8220;0&#8243; locked=&#8220;off&#8220; global_colors_info=&#8220;{}&#8220; sticky_enabled=&#8220;0&#8243;][\/dipi_masonry_gallery][et_pb_text _builder_version=&#8220;4.22.0&#8243; _module_preset=&#8220;default&#8220; global_colors_info=&#8220;{}&#8220;]<\/p>\n<h3><strong>Mehrstufiges &amp; Flaches Blindpr\u00e4gewerkzeug mit Patrize<\/strong><\/h3>\n<p>[\/et_pb_text][et_pb_text _builder_version=&#8220;4.22.0&#8243; _module_preset=&#8220;default&#8220; global_colors_info=&#8220;{}&#8220;]<\/p>\n<p><span>Anhand von Messing- Blindpr\u00e4gestempeln werden erhabene oder vertiefte Elemente in Papier, Pappe, Metalle oder Leder erzeugt. Dabei sind unterschiedliche Auspr\u00e4gungen wie beispielsweise konisch oder ballig m\u00f6glich. Auch mehrstufige Pr\u00e4gungen k\u00f6nnen hiermit erzeugt werden.<\/span><\/p>\n<p>[\/et_pb_text][dipi_masonry_gallery gallery_ids=&#8220;2352,2358,2357,2353,2351,2349,2348,2343,2344,2347,2350,2345&#8243; title_in_lightbox=&#8220;on&#8220; caption_in_lightbox=&#8220;on&#8220; use_overlay=&#8220;on&#8220; icon_in_overlay=&#8220;off&#8220; _builder_version=&#8220;4.22.0&#8243; _module_preset=&#8220;default&#8220; locked=&#8220;off&#8220; global_colors_info=&#8220;{}&#8220;][\/dipi_masonry_gallery][et_pb_text _builder_version=&#8220;4.22.0&#8243; _module_preset=&#8220;default&#8220; global_colors_info=&#8220;{}&#8220;]<\/p>\n<h3><strong>Reliefschnittwerkzeuge<\/strong><\/h3>\n<p>[\/et_pb_text][et_pb_text _builder_version=&#8220;4.22.0&#8243; _module_preset=&#8220;default&#8220; global_colors_info=&#8220;{}&#8220;]<\/p>\n<p><span>Anhand von Reliefschnitt Pr\u00e4gewerkzeugen wird Folie und eine erhabene Pr\u00e4gung in einem Arbeitsschritt aufgebracht.\u00a0<\/span><\/p>\n<p>[\/et_pb_text][dipi_masonry_gallery gallery_ids=&#8220;2358,2357,2359,2341,2335&#8243; title_in_lightbox=&#8220;on&#8220; caption_in_lightbox=&#8220;on&#8220; use_overlay=&#8220;on&#8220; icon_in_overlay=&#8220;off&#8220; _builder_version=&#8220;4.22.0&#8243; _module_preset=&#8220;default&#8220; locked=&#8220;off&#8220; global_colors_info=&#8220;{}&#8220;][\/dipi_masonry_gallery][\/et_pb_column][\/et_pb_row][et_pb_row _builder_version=&#8220;4.16&#8243; _module_preset=&#8220;default&#8220; global_colors_info=&#8220;{}&#8220;][et_pb_column type=&#8220;4_4&#8243; _builder_version=&#8220;4.16&#8243; _module_preset=&#8220;default&#8220; global_colors_info=&#8220;{}&#8220;][dipi_carousel show_lightbox=&#8220;off&#8220; navigation=&#8220;on&#8220; navigation_on_hover=&#8220;on&#8220; navigation_prev_icon_yn=&#8220;on&#8220; navigation_prev_icon=&#8220;&#x34;||divi||400&#8243; navigation_next_icon_yn=&#8220;on&#8220; navigation_next_icon=&#8220;&#x35;||divi||400&#8243; navigation_size=&#8220;20&#8243; navigation_padding=&#8220;20&#8243; navigation_color=&#8220;#FE5E15&#8243; navigation_bg_color=&#8220;#F5F5F5&#8243; navigation_position_right=&#8220;-40px&#8220; columns_tablet=&#8220;2&#8243; columns_phone=&#8220;1&#8243; columns_last_edited=&#8220;on|phone&#8220; navigation_position_left_tablet=&#8220;-40px&#8220; navigation_position_left_phone=&#8220;-25px&#8220; navigation_position_left_last_edited=&#8220;on|tablet&#8220; navigation_position_right_tablet=&#8220;-40px&#8220; navigation_position_right_phone=&#8220;-25px&#8220; navigation_position_right_last_edited=&#8220;on|phone&#8220; _builder_version=&#8220;4.22.0&#8243; _module_preset=&#8220;default&#8220; global_colors_info=&#8220;{}&#8220;][dipi_carousel_child use_icon=&#8220;on&#8220; carousel_icon=&#8220;&#xe00e;||divi||400&#8243; icon_color=&#8220;#d60000&#8243; title_text=&#8220;Anfrage stellen&#8220; desc_text=&#8220;<\/p>\n<p>Nehmen Sie jetzt Kontakt mit uns auf!<\/p>\n<p>&#8220; img_width=&#8220;64px&#8220; _builder_version=&#8220;4.22.0&#8243; _module_preset=&#8220;default&#8220; title_font=&#8220;|600|||||||&#8220; title_font_size=&#8220;18px&#8220; desc_line_height=&#8220;2em&#8220; background_color=&#8220;#F5F5F5&#8243; background_enable_color=&#8220;on&#8220; custom_padding=&#8220;20px||20px||true|false&#8220; global_colors_info=&#8220;{}&#8220;][\/dipi_carousel_child][dipi_carousel_child use_icon=&#8220;on&#8220; carousel_icon=&#8220;&#xe08b;||divi||400&#8243; icon_color=&#8220;#d60000&#8243; title_text=&#8220;Beratungsgespr\u00e4ch&#8220; desc_text=&#8220;<\/p>\n<p>Wir beantworten Ihre Fragen. Profitieren Sie von unserer \u00fcber 40-j\u00e4hrigen Erfahrung!<\/p>\n<p>&#8220; img_width=&#8220;64px&#8220; _builder_version=&#8220;4.22.0&#8243; _module_preset=&#8220;default&#8220; title_font=&#8220;|600|||||||&#8220; title_font_size=&#8220;18px&#8220; desc_line_height=&#8220;2em&#8220; background_color=&#8220;#F5F5F5&#8243; background_enable_color=&#8220;on&#8220; custom_padding=&#8220;20px||20px||true|false&#8220; global_colors_info=&#8220;{}&#8220;][\/dipi_carousel_child][dipi_carousel_child use_icon=&#8220;on&#8220; carousel_icon=&#8220;&#x69;||divi||400&#8243; icon_color=&#8220;#d60000&#8243; title_text=&#8220;Angebot erhalten&#8220; desc_text=&#8220;<\/p>\n<p>Sie erhalten ein ma\u00dfgeschneidertes Angebot!<\/p>\n<p>&#8220; img_width=&#8220;64px&#8220; _builder_version=&#8220;4.22.0&#8243; _module_preset=&#8220;default&#8220; title_font=&#8220;|600|||||||&#8220; title_font_size=&#8220;18px&#8220; desc_line_height=&#8220;2em&#8220; background_color=&#8220;#F5F5F5&#8243; background_enable_color=&#8220;on&#8220; custom_padding=&#8220;20px||20px||true|false&#8220; global_colors_info=&#8220;{}&#8220;][\/dipi_carousel_child][dipi_carousel_child use_icon=&#8220;on&#8220; carousel_icon=&#8220;&#x5a;||divi||400&#8243; icon_color=&#8220;#d60000&#8243; title_text=&#8220;Auftrag vergeben&#8220; desc_text=&#8220;<\/p>\n<p>Wir produzieren und liefern. Unser Ziel: Eine langfristige Partnerschaft!<\/p>\n<p>&#8220; img_width=&#8220;64px&#8220; _builder_version=&#8220;4.22.0&#8243; _module_preset=&#8220;default&#8220; title_font=&#8220;|600|||||||&#8220; title_font_size=&#8220;18px&#8220; desc_line_height=&#8220;2em&#8220; background_color=&#8220;#F5F5F5&#8243; background_enable_color=&#8220;on&#8220; custom_padding=&#8220;20px||20px||true|false&#8220; global_colors_info=&#8220;{}&#8220;][\/dipi_carousel_child][\/dipi_carousel][et_pb_text _builder_version=&#8220;4.22.0&#8243; _module_preset=&#8220;default&#8220; global_colors_info=&#8220;{}&#8220;]<\/p>\n<h4><strong>Datentransfer<\/strong><\/h4>\n<p>Wir k\u00f6nnen vielf\u00e4ltige Daten verarbeiten. Darunter fallen beispielsweise folgende Dateiformate:<\/p>\n<ul>\n<li>Adobe Illustrator .ai oder .eps<\/li>\n<li>Adobe .pdf<\/li>\n<li>Corel Draw .cdr\u00a0<\/li>\n<li>3D Daten zum Beispiel als .stp oder .igs<\/li>\n<\/ul>\n<p>Bitte beachten Sie beim zur Verf\u00fcgung stellen der Daten, dass enthaltene Schriften in Pfade umgewandelt werden. Auch Logos und Sonderzeichen sollten als Vektorgrafik vorliegen.<\/p>\n<p>Sind dennoch Schriften enhalten, sollten diese bitte mitgeschickt werden.\u00a0<\/p>\n<p>Zur Weiterverarbeitung k\u00f6nnen sie uns auch Pixelgrafiken zur Verf\u00fcgung stellen. Diese werden dann nach M\u00f6glichkeit von uns in Vektorgrafiken umgewandelt. Das Umwandeln von Pixelgrafiken in Vektorgrafiken kann sehr aufw\u00e4ndig sein, und ist daher Aufpreispflichtig. Bitte vergewissern Sie sich, dass diese Bilder m\u00f6glichst sehr gro\u00df erstellt und versendet werden.<\/p>\n<p>[\/et_pb_text][\/et_pb_column][\/et_pb_row][\/et_pb_section]<\/p>\n","protected":false},"excerpt":{"rendered":"<p>Services<div class=\"et_pb_module dipi_button_grid dipi_button_grid_0\">\n\t\t\t\t\n\t\t\t\t\n\t\t\t\t\n\t\t\t\t\n\t\t\t\t\n\t\t\t\t\n\t\t\t\t<div class=\"et_pb_module_inner\">\n\t\t\t\t\t<div class=\"dipi-button-grid-container\">\n                \n            <\/div>\n\t\t\t\t<\/div>\n\t\t\t<\/div><div class=\"et_pb_module dipi_button_grid_child dipi_button_grid_child_0\">\n\t\t\t\t\n\t\t\t\t\n\t\t\t\t\n\t\t\t\t\n\t\t\t\t\n\t\t\t\t\n\t\t\t\t<div class=\"et_pb_module_inner\">\n\t\t\t\t\t<a class=\"et_pb_button dipi-button-grid dipi-button-wrap\" href=\"#\">Brass stamping tools<\/a>\n\t\t\t\t<\/div>\n\t\t\t<\/div><div class=\"et_pb_module dipi_button_grid_child dipi_button_grid_child_1\">\n\t\t\t\t\n\t\t\t\t\n\t\t\t\t\n\t\t\t\t\n\t\t\t\t\n\t\t\t\t\n\t\t\t\t<div class=\"et_pb_module_inner\">\n\t\t\t\t\t<a class=\"et_pb_button dipi-button-grid dipi-button-wrap\" href=\"http:\/\/&#8220;&#8220;\">&#8220;Silikon-Pr\u00e4gestempel&#8220;<\/a>\n\t\t\t\t<\/div>\n\t\t\t<\/div><\/p>","protected":false},"author":1,"featured_media":0,"parent":610,"menu_order":0,"comment_status":"closed","ping_status":"closed","template":"","meta":{"_et_pb_use_builder":"on","_et_pb_old_content":"","_et_gb_content_width":"","footnotes":""},"dipi_cpt_category":[],"class_list":["post-1013","page","type-page","status-publish","hentry"],"_links":{"self":[{"href":"https:\/\/kremser-online.eu\/en\/wp-json\/wp\/v2\/pages\/1013","targetHints":{"allow":["GET"]}}],"collection":[{"href":"https:\/\/kremser-online.eu\/en\/wp-json\/wp\/v2\/pages"}],"about":[{"href":"https:\/\/kremser-online.eu\/en\/wp-json\/wp\/v2\/types\/page"}],"author":[{"embeddable":true,"href":"https:\/\/kremser-online.eu\/en\/wp-json\/wp\/v2\/users\/1"}],"replies":[{"embeddable":true,"href":"https:\/\/kremser-online.eu\/en\/wp-json\/wp\/v2\/comments?post=1013"}],"version-history":[{"count":27,"href":"https:\/\/kremser-online.eu\/en\/wp-json\/wp\/v2\/pages\/1013\/revisions"}],"predecessor-version":[{"id":3278,"href":"https:\/\/kremser-online.eu\/en\/wp-json\/wp\/v2\/pages\/1013\/revisions\/3278"}],"up":[{"embeddable":true,"href":"https:\/\/kremser-online.eu\/en\/wp-json\/wp\/v2\/pages\/610"}],"wp:attachment":[{"href":"https:\/\/kremser-online.eu\/en\/wp-json\/wp\/v2\/media?parent=1013"}],"wp:term":[{"taxonomy":"dipi_cpt_category","embeddable":true,"href":"https:\/\/kremser-online.eu\/en\/wp-json\/wp\/v2\/dipi_cpt_category?post=1013"}],"curies":[{"name":"wp","href":"https:\/\/api.w.org\/{rel}","templated":true}]}}